{"id":1082,"date":"2019-07-29T10:19:24","date_gmt":"2019-07-29T08:19:24","guid":{"rendered":"https:\/\/www.bookitit.com\/?page_id=1082"},"modified":"2021-11-03T16:08:00","modified_gmt":"2021-11-03T15:08:00","slug":"confirmar-las-citas-antes-de-ocupar-el-hueco","status":"publish","type":"page","link":"https:\/\/www.bookitit.com\/es\/tutoriales\/confirmar-las-citas-antes-de-ocupar-el-hueco\/","title":{"rendered":"Confirmar las citas por parte del negocio"},"content":{"rendered":"\n<h3 class=\"wp-block-heading\">Tutorial de video<\/h3>\n\n\n\n<figure class=\"wp-block-embed-youtube wp-block-embed is-type-video is-provider-youtube wp-embed-aspect-16-9 wp-has-aspect-ratio\"><div class=\"wp-block-embed__wrapper\">\n<iframe loading=\"lazy\" title=\"Aplicaci\u00f3n de reservas online Bookitit \u00b7 Confirmar citas antes de ocupar hueco\" width=\"1080\" height=\"608\" src=\"https:\/\/www.youtube.com\/embed\/r1bF1um89Y4?feature=oembed\" frameborder=\"0\" allow=\"accelerometer; autoplay; clipboard-write; encrypted-media; gyroscope; picture-in-picture\" allowfullscreen><\/iframe>\n<\/div><\/figure>\n\n\n\n<div style=\"height:100px\" aria-hidden=\"true\" class=\"wp-block-spacer\"><\/div>\n\n\n\n<h3 class=\"wp-block-heading\">Tutorial<\/h3>\n\n\n\n<p> En caso de que prefieras <strong>confirmar las citas que hagan tus clientes<\/strong> de forma online antes de que estas se incluyan en el Calendario de Reservas de Bookitit, puedes configurarlo desde el Panel de Control de tu cuenta.  <\/p>\n\n\n\n<p> Accede a Mis Agendas y, en las acciones de la agenda que desees configurar, pulsa sobre \u201cOpciones de cita\u201d. <\/p>\n\n\n\n<figure class=\"wp-block-image is-resized\"><img loading=\"lazy\" decoding=\"async\" src=\"https:\/\/www.bookitit.com\/wp-content\/uploads\/2019\/07\/opciones_de_cita-1-1024x251.jpg\" alt=\"\" class=\"wp-image-1083\" width=\"686\" height=\"168\" srcset=\"https:\/\/www.bookitit.com\/wp-content\/uploads\/2019\/07\/opciones_de_cita-1-1024x251.jpg 1024w, https:\/\/www.bookitit.com\/wp-content\/uploads\/2019\/07\/opciones_de_cita-1-300x74.jpg 300w, https:\/\/www.bookitit.com\/wp-content\/uploads\/2019\/07\/opciones_de_cita-1-768x188.jpg 768w, https:\/\/www.bookitit.com\/wp-content\/uploads\/2019\/07\/opciones_de_cita-1-1080x265.jpg 1080w, https:\/\/www.bookitit.com\/wp-content\/uploads\/2019\/07\/opciones_de_cita-1.jpg 1918w\" sizes=\"auto, (max-width: 686px) 100vw, 686px\" \/><\/figure>\n\n\n\n<p>En el bloque \u201cCitas confirmadas\u201d ser\u00e1 donde podr\u00e1s realizar la siguiente configuraci\u00f3n.  <\/p>\n\n\n\n<p> Pulsa sobre la casilla \u201cS\u00ed\u201d, bajo la pregunta: <strong>\u00bfQuieres confirmar las citas online recibidas antes de que se inserten en el Calendario? <\/strong> <\/p>\n\n\n\n<figure class=\"wp-block-image is-resized\"><img loading=\"lazy\" decoding=\"async\" src=\"https:\/\/www.bookitit.com\/wp-content\/uploads\/2019\/07\/citas_confirmadas.jpg\" alt=\"\" class=\"wp-image-1084\" width=\"677\" height=\"173\" srcset=\"https:\/\/www.bookitit.com\/wp-content\/uploads\/2019\/07\/citas_confirmadas.jpg 541w, https:\/\/www.bookitit.com\/wp-content\/uploads\/2019\/07\/citas_confirmadas-300x77.jpg 300w\" sizes=\"auto, (max-width: 677px) 100vw, 677px\" \/><\/figure>\n\n\n\n<p> A partir de este momento, cada vez que un cliente haga una reserva con la agenda que acabas de configurar, esta recibir\u00e1 un correo electr\u00f3nico en el que podr\u00e1 confirmar o rechazar la cita. <\/p>\n\n\n\n<p>Una vez los cambios se hayan guardado correctamente, las citas no se incorporar\u00e1n en el Calendario de Reservas hasta que la agenda las haya confirmado. <\/p>\n\n\n\n<p>Desde el apartado de Notificaciones, dentro de las acciones de cada agenda, podr\u00e1s configurar que se avise con una notificaci\u00f3n al centro o a la agenda cada vez que ya se haya confirmado una cita. <\/p>\n\n\n\n<figure class=\"wp-block-image is-resized\"><img loading=\"lazy\" decoding=\"async\" src=\"https:\/\/www.bookitit.com\/wp-content\/uploads\/2019\/07\/cita_confirmada_2.jpg\" alt=\"\" class=\"wp-image-1085\" width=\"573\" height=\"391\" srcset=\"https:\/\/www.bookitit.com\/wp-content\/uploads\/2019\/07\/cita_confirmada_2.jpg 716w, https:\/\/www.bookitit.com\/wp-content\/uploads\/2019\/07\/cita_confirmada_2-300x205.jpg 300w\" sizes=\"auto, (max-width: 573px) 100vw, 573px\" \/><\/figure>\n\n\n\n<p><\/p>\n","protected":false},"excerpt":{"rendered":"<p>Tutorial de video Tutorial En caso de que prefieras confirmar las citas que hagan tus clientes de forma online antes de que estas se incluyan en el Calendario de Reservas de Bookitit, puedes configurarlo desde el Panel de Control de tu cuenta. Accede a Mis Agendas y, en las acciones de la agenda que desees [&hellip;]<\/p>\n","protected":false},"author":2,"featured_media":0,"parent":691,"menu_order":0,"comment_status":"closed","ping_status":"closed","template":"","meta":{"_et_pb_use_builder":"off","_et_pb_old_content":"","_et_gb_content_width":"","inline_featured_image":false,"footnotes":""},"class_list":["post-1082","page","type-page","status-publish","hentry"],"yoast_head":"<!-- This site is optimized with the Yoast SEO Premium plugin v27.0 (Yoast SEO v27.1.1) - https:\/\/yoast.com\/product\/yoast-seo-premium-wordpress\/ -->\n<title>Confirmar las citas por parte del negocio - Sistema de reservas online, cita previa online y agendas online<\/title>\n<meta name=\"robots\" content=\"index, follow, max-snippet:-1, max-image-preview:large, max-video-preview:-1\" \/>\n<link rel=\"canonical\" href=\"https:\/\/www.bookitit.com\/es\/tutoriales\/confirmar-las-citas-antes-de-ocupar-el-hueco\/\" \/>\n<meta property=\"og:locale\" content=\"es_ES\" \/>\n<meta property=\"og:type\" content=\"article\" \/>\n<meta property=\"og:title\" content=\"Confirmar las citas por parte del negocio\" \/>\n<meta property=\"og:description\" content=\"Tutorial de video Tutorial En caso de que prefieras confirmar las citas que hagan tus clientes de forma online antes de que estas se incluyan en el Calendario de Reservas de Bookitit, puedes configurarlo desde el Panel de Control de tu cuenta. Accede a Mis Agendas y, en las acciones de la agenda que desees [&hellip;]\" \/>\n<meta property=\"og:url\" content=\"https:\/\/www.bookitit.com\/es\/tutoriales\/confirmar-las-citas-antes-de-ocupar-el-hueco\/\" \/>\n<meta property=\"og:site_name\" content=\"Sistema de reservas online, cita previa online y agendas online\" \/>\n<meta property=\"article:publisher\" content=\"https:\/\/www.facebook.com\/Bookitit.Reservas.y.CitaPrevia.Online?ref=hl\" \/>\n<meta property=\"article:modified_time\" content=\"2021-11-03T15:08:00+00:00\" \/>\n<meta property=\"og:image\" content=\"https:\/\/www.bookitit.com\/wp-content\/uploads\/2019\/07\/opciones_de_cita-1.jpg\" \/>\n\t<meta property=\"og:image:width\" content=\"1918\" \/>\n\t<meta property=\"og:image:height\" content=\"470\" \/>\n\t<meta property=\"og:image:type\" content=\"image\/jpeg\" \/>\n<meta name=\"twitter:card\" content=\"summary_large_image\" \/>\n<meta name=\"twitter:site\" content=\"@bookitit\" \/>\n<meta name=\"twitter:label1\" content=\"Tiempo de lectura\" \/>\n\t<meta name=\"twitter:data1\" content=\"1 minuto\" \/>\n<script type=\"application\/ld+json\" class=\"yoast-schema-graph\">{\"@context\":\"https:\/\/schema.org\",\"@graph\":[{\"@type\":\"WebPage\",\"@id\":\"https:\/\/www.bookitit.com\/es\/tutoriales\/confirmar-las-citas-antes-de-ocupar-el-hueco\/\",\"url\":\"https:\/\/www.bookitit.com\/es\/tutoriales\/confirmar-las-citas-antes-de-ocupar-el-hueco\/\",\"name\":\"Confirmar las citas por parte del negocio - Sistema de reservas online, cita previa online y agendas online\",\"isPartOf\":{\"@id\":\"https:\/\/www.bookitit.com\/#website\"},\"primaryImageOfPage\":{\"@id\":\"https:\/\/www.bookitit.com\/es\/tutoriales\/confirmar-las-citas-antes-de-ocupar-el-hueco\/#primaryimage\"},\"image\":{\"@id\":\"https:\/\/www.bookitit.com\/es\/tutoriales\/confirmar-las-citas-antes-de-ocupar-el-hueco\/#primaryimage\"},\"thumbnailUrl\":\"https:\/\/www.bookitit.com\/wp-content\/uploads\/2019\/07\/opciones_de_cita-1-1024x251.jpg\",\"datePublished\":\"2019-07-29T08:19:24+00:00\",\"dateModified\":\"2021-11-03T15:08:00+00:00\",\"breadcrumb\":{\"@id\":\"https:\/\/www.bookitit.com\/es\/tutoriales\/confirmar-las-citas-antes-de-ocupar-el-hueco\/#breadcrumb\"},\"inLanguage\":\"es\",\"potentialAction\":[{\"@type\":\"ReadAction\",\"target\":[\"https:\/\/www.bookitit.com\/es\/tutoriales\/confirmar-las-citas-antes-de-ocupar-el-hueco\/\"]}]},{\"@type\":\"ImageObject\",\"inLanguage\":\"es\",\"@id\":\"https:\/\/www.bookitit.com\/es\/tutoriales\/confirmar-las-citas-antes-de-ocupar-el-hueco\/#primaryimage\",\"url\":\"https:\/\/www.bookitit.com\/wp-content\/uploads\/2019\/07\/opciones_de_cita-1-1024x251.jpg\",\"contentUrl\":\"https:\/\/www.bookitit.com\/wp-content\/uploads\/2019\/07\/opciones_de_cita-1-1024x251.jpg\"},{\"@type\":\"BreadcrumbList\",\"@id\":\"https:\/\/www.bookitit.com\/es\/tutoriales\/confirmar-las-citas-antes-de-ocupar-el-hueco\/#breadcrumb\",\"itemListElement\":[{\"@type\":\"ListItem\",\"position\":1,\"name\":\"Portada\",\"item\":\"https:\/\/www.bookitit.com\/es\/\"},{\"@type\":\"ListItem\",\"position\":2,\"name\":\"Tutoriales\",\"item\":\"https:\/\/www.bookitit.com\/es\/tutoriales\/\"},{\"@type\":\"ListItem\",\"position\":3,\"name\":\"Confirmar las citas por parte del negocio\"}]},{\"@type\":\"WebSite\",\"@id\":\"https:\/\/www.bookitit.com\/#website\",\"url\":\"https:\/\/www.bookitit.com\/\",\"name\":\"bookitit - Online Calendar and online scheduling & bookings system\",\"description\":\"scheduling, calendar, bookings, appointments, reservations\",\"alternateName\":\"bookitit - Online Calendar and online scheduling & bookings system\",\"potentialAction\":[{\"@type\":\"SearchAction\",\"target\":{\"@type\":\"EntryPoint\",\"urlTemplate\":\"https:\/\/www.bookitit.com\/?s={search_term_string}\"},\"query-input\":{\"@type\":\"PropertyValueSpecification\",\"valueRequired\":true,\"valueName\":\"search_term_string\"}}],\"inLanguage\":\"es\"}]}<\/script>\n<!-- \/ Yoast SEO Premium plugin. -->","yoast_head_json":{"title":"Confirmar las citas por parte del negocio - Sistema de reservas online, cita previa online y agendas online","robots":{"index":"index","follow":"follow","max-snippet":"max-snippet:-1","max-image-preview":"max-image-preview:large","max-video-preview":"max-video-preview:-1"},"canonical":"https:\/\/www.bookitit.com\/es\/tutoriales\/confirmar-las-citas-antes-de-ocupar-el-hueco\/","og_locale":"es_ES","og_type":"article","og_title":"Confirmar las citas por parte del negocio","og_description":"Tutorial de video Tutorial En caso de que prefieras confirmar las citas que hagan tus clientes de forma online antes de que estas se incluyan en el Calendario de Reservas de Bookitit, puedes configurarlo desde el Panel de Control de tu cuenta. Accede a Mis Agendas y, en las acciones de la agenda que desees [&hellip;]","og_url":"https:\/\/www.bookitit.com\/es\/tutoriales\/confirmar-las-citas-antes-de-ocupar-el-hueco\/","og_site_name":"Sistema de reservas online, cita previa online y agendas online","article_publisher":"https:\/\/www.facebook.com\/Bookitit.Reservas.y.CitaPrevia.Online?ref=hl","article_modified_time":"2021-11-03T15:08:00+00:00","og_image":[{"width":1918,"height":470,"url":"https:\/\/www.bookitit.com\/wp-content\/uploads\/2019\/07\/opciones_de_cita-1.jpg","type":"image\/jpeg"}],"twitter_card":"summary_large_image","twitter_site":"@bookitit","twitter_misc":{"Tiempo de lectura":"1 minuto"},"schema":{"@context":"https:\/\/schema.org","@graph":[{"@type":"WebPage","@id":"https:\/\/www.bookitit.com\/es\/tutoriales\/confirmar-las-citas-antes-de-ocupar-el-hueco\/","url":"https:\/\/www.bookitit.com\/es\/tutoriales\/confirmar-las-citas-antes-de-ocupar-el-hueco\/","name":"Confirmar las citas por parte del negocio - Sistema de reservas online, cita previa online y agendas online","isPartOf":{"@id":"https:\/\/www.bookitit.com\/#website"},"primaryImageOfPage":{"@id":"https:\/\/www.bookitit.com\/es\/tutoriales\/confirmar-las-citas-antes-de-ocupar-el-hueco\/#primaryimage"},"image":{"@id":"https:\/\/www.bookitit.com\/es\/tutoriales\/confirmar-las-citas-antes-de-ocupar-el-hueco\/#primaryimage"},"thumbnailUrl":"https:\/\/www.bookitit.com\/wp-content\/uploads\/2019\/07\/opciones_de_cita-1-1024x251.jpg","datePublished":"2019-07-29T08:19:24+00:00","dateModified":"2021-11-03T15:08:00+00:00","breadcrumb":{"@id":"https:\/\/www.bookitit.com\/es\/tutoriales\/confirmar-las-citas-antes-de-ocupar-el-hueco\/#breadcrumb"},"inLanguage":"es","potentialAction":[{"@type":"ReadAction","target":["https:\/\/www.bookitit.com\/es\/tutoriales\/confirmar-las-citas-antes-de-ocupar-el-hueco\/"]}]},{"@type":"ImageObject","inLanguage":"es","@id":"https:\/\/www.bookitit.com\/es\/tutoriales\/confirmar-las-citas-antes-de-ocupar-el-hueco\/#primaryimage","url":"https:\/\/www.bookitit.com\/wp-content\/uploads\/2019\/07\/opciones_de_cita-1-1024x251.jpg","contentUrl":"https:\/\/www.bookitit.com\/wp-content\/uploads\/2019\/07\/opciones_de_cita-1-1024x251.jpg"},{"@type":"BreadcrumbList","@id":"https:\/\/www.bookitit.com\/es\/tutoriales\/confirmar-las-citas-antes-de-ocupar-el-hueco\/#breadcrumb","itemListElement":[{"@type":"ListItem","position":1,"name":"Portada","item":"https:\/\/www.bookitit.com\/es\/"},{"@type":"ListItem","position":2,"name":"Tutoriales","item":"https:\/\/www.bookitit.com\/es\/tutoriales\/"},{"@type":"ListItem","position":3,"name":"Confirmar las citas por parte del negocio"}]},{"@type":"WebSite","@id":"https:\/\/www.bookitit.com\/#website","url":"https:\/\/www.bookitit.com\/","name":"bookitit - Online Calendar and online scheduling & bookings system","description":"scheduling, calendar, bookings, appointments, reservations","alternateName":"bookitit - Online Calendar and online scheduling & bookings system","potentialAction":[{"@type":"SearchAction","target":{"@type":"EntryPoint","urlTemplate":"https:\/\/www.bookitit.com\/?s={search_term_string}"},"query-input":{"@type":"PropertyValueSpecification","valueRequired":true,"valueName":"search_term_string"}}],"inLanguage":"es"}]}},"_links":{"self":[{"href":"https:\/\/www.bookitit.com\/es\/wp-json\/wp\/v2\/pages\/1082","targetHints":{"allow":["GET"]}}],"collection":[{"href":"https:\/\/www.bookitit.com\/es\/wp-json\/wp\/v2\/pages"}],"about":[{"href":"https:\/\/www.bookitit.com\/es\/wp-json\/wp\/v2\/types\/page"}],"author":[{"embeddable":true,"href":"https:\/\/www.bookitit.com\/es\/wp-json\/wp\/v2\/users\/2"}],"replies":[{"embeddable":true,"href":"https:\/\/www.bookitit.com\/es\/wp-json\/wp\/v2\/comments?post=1082"}],"version-history":[{"count":0,"href":"https:\/\/www.bookitit.com\/es\/wp-json\/wp\/v2\/pages\/1082\/revisions"}],"up":[{"embeddable":true,"href":"https:\/\/www.bookitit.com\/es\/wp-json\/wp\/v2\/pages\/691"}],"wp:attachment":[{"href":"https:\/\/www.bookitit.com\/es\/wp-json\/wp\/v2\/media?parent=1082"}],"curies":[{"name":"wp","href":"https:\/\/api.w.org\/{rel}","templated":true}]}}